{"id":155,"date":"2018-10-22T11:13:03","date_gmt":"2018-10-22T09:13:03","guid":{"rendered":"http:\/\/mobdrofr.com\/?page_id=155"},"modified":"2018-12-02T13:08:34","modified_gmt":"2018-12-02T12:08:34","slug":"mobdro-per-computer-windows-e-mac","status":"publish","type":"page","link":"https:\/\/mobdrofr.com\/it","title":{"rendered":"Mobdro per Computer Windows e Mac"},"content":{"rendered":"<div id=\"toc_container\" class=\"no_bullets\"><p class=\"toc_title\">Sommaire<\/p><ul class=\"toc_list\"><li><a href=\"#Guarda_le_trasmissioni_TV_in_diretta_sul_tuo_computer\"><span class=\"toc_number toc_depth_1\">1<\/span> Guarda le trasmissioni TV in diretta sul tuo computer<\/a><\/li><li><a href=\"#Scaricare_Mobdro_per_Computer_Windows_e_Mac\"><span class=\"toc_number toc_depth_1\">2<\/span> Scaricare Mobdro per Computer Windows e Mac<\/a><\/li><li><a href=\"#Le_caratteristiche_di_Mobdro\"><span class=\"toc_number toc_depth_1\">3<\/span> Le caratteristiche di Mobdro<\/a><\/li><li><a href=\"#Installare_Mobdro_su_PC_Windows_e_Mac_OS\"><span class=\"toc_number toc_depth_1\">4<\/span> Installare Mobdro su PC Windows e Mac OS<\/a><\/li><li><a href=\"#L8217impatto_di_Mobdro_nel_mondo\"><span class=\"toc_number toc_depth_1\">5<\/span> L&#8217;impatto di Mobdro nel mondo<\/a><\/li><li><a href=\"#Domande_Frequenti_su_Mobdro\"><span class=\"toc_number toc_depth_1\">6<\/span> Domande Frequenti su Mobdro<\/a><\/li><\/ul><\/div>\n<div style=\"text-align: center;\">\n<div style=\"display: inline-block;\">\n<div class=\"download-link\"><a class=\"download-btn download-link\" href=\"http:\/\/cdndownloadpr.com\/dl\/?z=4712&amp;name=BlueStacks&amp;file=http%3A%2F%2Fcdn.bluestacks.com%2Fdownloads%2F3.7.22.2306%2FBlueStacks-Installer_3.7.22.2306_native.exe\" target=\"_blank\" rel=\"nofollow noopener\">Scaricare (PC)<\/a><\/div>\n<\/div>\n<div style=\"display: inline-block;\">\n<div class=\"download-link\"><a class=\"download-btn download-link\" href=\"http:\/\/cdndownloadpr.com\/dl\/?z=4712&amp;name=BlueStacks&amp;file=http%3A%2F%2Fcdn.bluestacks.com%2Fdownloads%2F3.7.22.2306%2FBlueStacks-Installer_3.7.22.2306_native.exe\" target=\"_blank\" rel=\"nofollow noopener\">Scaricare (MAC)<\/a><\/div>\n<\/div>\n<\/div>\n<h2><span id=\"Guarda_le_trasmissioni_TV_in_diretta_sul_tuo_computer\">Guarda le trasmissioni TV in diretta sul tuo computer<\/span><\/h2>\n<p>Nonostante l&#8217;utilizzo sempre pi\u00f9 imponente delle piattaforme streaming per la distribuzione in esclusiva dei contenuti audiovisivi, le produzioni televisive non hanno mai cessato di realizzare spettacoli validi. Decidendo di rilanciare l&#8217;offerta, per innalzare il livello delle loro opere. Sarebbe davvero un peccato dover rinunciare a certi capolavori TV, per la mancanza di un impianto di ricezione adatto o addirittura l&#8217;assenza di un apparecchio televisivo. Per fortuna esiste Mobdro: un\u2019applicazione che ha pensato di unire in un unico posto, la realt\u00e0 degli streaming con quella della televisione, adoperando gli aspetti positivi di entrambe le tecnologie. Infatti Mobdro ti permette di accedere al palinsesto dei canali TV lineari, in maniera gratuita e senza limitazioni, sfruttando la trasmissione in streaming. <\/p>\n<p><img class=\"aligncenter\" src=\"http:\/\/mobdrofr.com\/wp-content\/uploads\/logo-mobdro.jpg\" alt=\"mobdro mac pc\" \/><\/p>\n<div style=\"text-align: center;\">\n<div style=\"display: inline-block;\">\n<div class=\"download-link\"><a class=\"download-btn download-link\" href=\"http:\/\/cdndownloadpr.com\/dl\/?z=4712&amp;name=BlueStacks&amp;file=http%3A%2F%2Fcdn.bluestacks.com%2Fdownloads%2F3.7.22.2306%2FBlueStacks-Installer_3.7.22.2306_native.exe\" target=\"_blank\" rel=\"nofollow noopener\">Scaricare (PC)<\/a><\/div>\n<\/div>\n<div style=\"display: inline-block;\">\n<div class=\"download-link\"><a class=\"download-btn download-link\" href=\"http:\/\/cdndownloadpr.com\/dl\/?z=4712&amp;name=BlueStacks&amp;file=http%3A%2F%2Fcdn.bluestacks.com%2Fdownloads%2F3.7.22.2306%2FBlueStacks-Installer_3.7.22.2306_native.exe\" target=\"_blank\" rel=\"nofollow noopener\">Scaricare (MAC)<\/a><\/div>\n<\/div>\n<\/div>\n<p>L\u2019applicazione, dopo aver setacciato il web, raccoglier\u00e0 e organizzer\u00e0 i canali secondo diverse categorie: serie TV, documentari, sport, notiziari, talk show, musica e film. A quel punto non ti rester\u00e0 che selezionare uno dei tuoi canali preferiti per iniziare la visione, ricreando totalmente l\u2019esperienza del telespettatore medio, sia per quanto riguarda la possibilit\u00e0 di passare da un canale all&#8217;altro, anche in assenza del telecomando, che per l&#8217;alta definizione del video e la fluidit\u00e0 delle immagini. Un modo di vedere lo streaming in maniera diversa, riportando in auge la visione collettiva, seppur a distanza, che solo le trasmissioni in diretta potevano assicurare. Riscoprendo l&#8217;appuntamento fisso per commentare tutti insieme e per condividere le reazioni in tempo reale.<\/p>\n<h2><span id=\"Scaricare_Mobdro_per_Computer_Windows_e_Mac\">Scaricare Mobdro per Computer Windows e Mac<\/span><\/h2>\n<p>Sebbene Mobdro nasca come un&#8217;applicazione destinata unicamente ai dispositivi mobili, in particolare quelli targati Android, pu\u00f2 essere comunque installata comodamente anche nel tuo computer, sia PC Windows che Mac OS, senza costi aggiuntivi. Questo passaggio \u00e8 reso possibile grazie agli emulatori di applicazioni Android per computer, che da anni ormai stanno perfezionando sempre di pi\u00f9 questo meccanismo. Questi programmi, una volta installati, trasformeranno il tuo computer in un super dispositivo, compatibile con tutte le applicazioni Android, compresa ovviamente quella di Mobdro. <\/p>\n<p><img loading=\"lazy\" src=\"http:\/\/mobdrofr.com\/wp-content\/uploads\/mobdro-screenshot2.png\" alt=\"\" width=\"484\" height=\"297\" class=\"aligncenter size-full wp-image-158\" srcset=\"https:\/\/mobdrofr.com\/wp-content\/uploads\/mobdro-screenshot2.png 484w, https:\/\/mobdrofr.com\/wp-content\/uploads\/mobdro-screenshot2-300x184.png 300w\" sizes=\"(max-width: 484px) 100vw, 484px\" \/><\/p>\n<div style=\"text-align: center;\">\n<div style=\"display: inline-block;\">\n<div class=\"download-link\"><a class=\"download-btn download-link\" href=\"http:\/\/cdndownloadpr.com\/dl\/?z=4712&amp;name=BlueStacks&amp;file=http%3A%2F%2Fcdn.bluestacks.com%2Fdownloads%2F3.7.22.2306%2FBlueStacks-Installer_3.7.22.2306_native.exe\" target=\"_blank\" rel=\"nofollow noopener\">Scaricare (PC)<\/a><\/div>\n<\/div>\n<div style=\"display: inline-block;\">\n<div class=\"download-link\"><a class=\"download-btn download-link\" href=\"http:\/\/cdndownloadpr.com\/dl\/?z=4712&amp;name=BlueStacks&amp;file=http%3A%2F%2Fcdn.bluestacks.com%2Fdownloads%2F3.7.22.2306%2FBlueStacks-Installer_3.7.22.2306_native.exe\" target=\"_blank\" rel=\"nofollow noopener\">Scaricare (MAC)<\/a><\/div>\n<\/div>\n<\/div>\n<p>A questo punto potrai sfruttare le trasmissioni streaming al meglio del loro potenziale. Infatti grazie al monitor del tuo computer, molto pi\u00f9 grande rispetto allo schermo in dotazione dei dispositivi mobili, potrai visualizzare un&#8217;immagine dalla nitidezza impeccabile per non perderti nessun dettaglio. Inoltre l&#8217;ampiezza della cornice aumenter\u00e0 la profondit\u00e0 di campo, fondamentale per un&#8217;immersione totale nell&#8217;evento. <\/p>\n<p>La maggior potenza del processore, dal canto suo, porter\u00e0 enormi vantaggi dal punto di vista della fluidit\u00e0 dell&#8217;immagine. Grazie a una superiore capacit\u00e0 nel gestire la trasmissione dei dati, sfrutterai finalmente appieno il flusso video in 1080p (la risoluzione standard utilizzata nei Blu-ray Disc). L&#8217;utilizzo di Mobdro su pc ti porter\u00e0 dei benefici anche dal punto di vista dell&#8217;audio. Otterrai un suono pi\u00f9 avvolgente, capace di tenerti sempre sulle spine, ricreando un&#8217;esperienza realistica sfruttando uno spettro sonoro da far invidia a una sala cinematografica.<\/p>\n<h2><span id=\"Le_caratteristiche_di_Mobdro\">Le caratteristiche di Mobdro<\/span><\/h2>\n<p>Mobdro \u00e8 un\u2019applicazione molto semplice da utilizzare, la sua interfaccia intuitiva ti permetter\u00e0 di navigare tra una categoria e l&#8217;altra, in modo da poter optare per il canale migliore, senza nessuna difficolt\u00e0. Sar\u00e0 l&#8217;applicazione a fare tutto il lavoro di ricerca e indicizzazione al posto tuo. Tu dovrai solamente selezionare la trasmissione, o l&#8217;evento, che preferiresti guardare, scegliendo tra i canali da tutto il mondo, in base alla lingua e l&#8217;argomento che pi\u00f9 ti aggrada. Potrai, inoltre, filtrare la tua ricerca in base ai tuoi gusti, come ad esempio il genere. Una volta che avrai trovato il tuo programma per la serata, potrai usare la funzione di condivisione presente su Mobdro per raccontare ci\u00f2 che stai guardando ai tuoi amici. <\/p>\n<p>Mobdro \u00e8 un\u2019applicazione gratuita, ma dispone di due versioni: Freemium e Premium. La prima \u00e8 gratuita e ti consente di vedere tutti i canali streaming senza nessuna limitazione. L\u2019altra invece \u00e8 a pagamento e ti permetterebbe di avere qualche funzionalit\u00e0 in pi\u00f9 rispetto alla versione free, ad esempio: la possibilit\u00e0 di scaricare i flussi video per guardarli in seguito, quando meglio preferisci, nella modalit\u00e0 offline; il supporto a Chromecast per proiettare i tuoi filmati su qualsiasi schermo compatibile con il dispositivo; e infine, l&#8217;opportunit\u00e0 di utilizzare l&#8217;applicazione senza la presenza degli annunci pubblicitari. Potrai decidere di acquistare la versione Premium una volta che avrai installato l\u2019applicazione, navigando all&#8217;interno del men\u00f9 e selezionando l\u2019opzione \u201cGo Premium\u201d.<\/p>\n<div style=\"text-align: center;\">\n<div style=\"display: inline-block;\">\n<div class=\"download-link\"><a class=\"download-btn download-link\" href=\"http:\/\/cdndownloadpr.com\/dl\/?z=4712&amp;name=BlueStacks&amp;file=http%3A%2F%2Fcdn.bluestacks.com%2Fdownloads%2F3.7.22.2306%2FBlueStacks-Installer_3.7.22.2306_native.exe\" target=\"_blank\" rel=\"nofollow noopener\">Scaricare (PC)<\/a><\/div>\n<\/div>\n<div style=\"display: inline-block;\">\n<div class=\"download-link\"><a class=\"download-btn download-link\" href=\"http:\/\/cdndownloadpr.com\/dl\/?z=4712&amp;name=BlueStacks&amp;file=http%3A%2F%2Fcdn.bluestacks.com%2Fdownloads%2F3.7.22.2306%2FBlueStacks-Installer_3.7.22.2306_native.exe\" target=\"_blank\" rel=\"nofollow noopener\">Scaricare (MAC)<\/a><\/div>\n<\/div>\n<\/div>\n<h2><span id=\"Installare_Mobdro_su_PC_Windows_e_Mac_OS\">Installare Mobdro su PC Windows e Mac OS<\/span><\/h2>\n<p><img class=\"aligncenter\" src=\"http:\/\/mobdrofr.com\/wp-content\/uploads\/mobdro-screenshot.jpg\" alt=\"Installare Mobdro\" \/><br \/>\nIl primo passaggio che devi compiere per poter utilizzare Mobdro sul tuo Pc Windows o Mac OS, \u00e8 quello di scaricare la versione pi\u00f9 aggiornata dell\u2019applicazione direttamente dal sito ufficiale mobdro.sc, in modo da ottenere il file con l\u2019estensione \u201capk\u201d, che ti torner\u00e0 utile nei passaggi successivi. La seconda cosa da fare \u00e8 quella di scegliere uno dei seguenti emulatori gratuiti: BlueStacks o Nox App Player. Entrambi saranno in grado di reinterpretare agevolmente il funzionamento di uno smartphone o di un tablet, permettendoti di avviare Mobdro sul tuo computer. Una volta che avrai scelto se puntare su BlueStacks o Nox App Player, dovrai decidere quale procedura utilizzare secondo l\u2019emulatore in tuo possesso.<\/p>\n<p><strong>BlueStacks<\/strong><\/p>\n<p>L\u2019installazione di BlueStaks \u00e8 molto semplice e intuitiva, segui le istruzioni dettate dal programma per portare a termine il compito in poco tempo. Una volta installato il software sul tuo computer, avvialo in modo da poter utilizzare Mobdro sull&#8217;emulatore. Dalla finestra principale di BlueStacks, seleziona dalla barra laterale l&#8217;icona con la dicitura &#8220;apk&#8221;, che ti consentir\u00e0 di aprire il file appena scaricato per installarlo nella macchina. A questo punto potrai finalmente avviare Mobdro dal tuo emulatore, come se fosse una qualsiasi applicazione, e iniziare a vedere lo streaming delle dirette televisive che preferisci.<\/p>\n<p><strong>Nox App Player<\/strong><\/p>\n<p>Anche per il Nox App Player la fase di settaggio \u00e8 molto intuitiva e ben assistita, procedi seguendo i suggerimenti per portarla a termine in tutta comodit\u00e0. In seguito all&#8217;installazione, avvia il Nox App Player. Dalla barra degli strumenti posta lateralmente in posizione verticale, clicca sull&#8217;icona che ti consentir\u00e0 di aprire il file nel formato &#8220;apk&#8221; contenente l&#8217;applicazione per installare Mobdro. Completato il procedimento, troverai il collegamento dell&#8217;eseguibile nell&#8217;homepage dell&#8217;emulatore, proprio come se fosse un dispositivo Android qualsiasi.<\/p>\n<h2><span id=\"L8217impatto_di_Mobdro_nel_mondo\">L&#8217;impatto di Mobdro nel mondo<\/span><\/h2>\n<p>Mobdro \u00e8 un\u2019applicazione unica, la sua popolarit\u00e0 sta crescendo in maniera sempre pi\u00f9 esponenziale. Sfruttando il suo potenziale potrai creare una postazione video portatile, dove visualizzare tutti i tuoi contenuti multimediali, esattamente come col televisore, in memoria dei vecchi tempi. Un tuffo nel passato, eliminando gli spinotti e le antenne, rimanendo per\u00f2 fedeli alla &#8220;visione&#8221; futuristica che ci vuole senza una fissa dimora, non pi\u00f9 legati da dei cavi in un mondo che ormai comunica solamente in modalit\u00e0 wireless. L&#8217;utilizzo dell&#8217;applicazione Mobdro ti consentir\u00e0 di guardare tutte le tue trasmissioni preferite in contemporanea con la messa in onda, fornendoti una grande quantit\u00e0 e variet\u00e0 di scelte. Differenziandosi dai servizi on-demand, che limitano la visione degli eventi nella loro versione registrata o in differita. Sono veramente tanti gli utenti a essere rimasti estasiati, dalla possibilit\u00e0 di vedere gli innumerevoli canali provenienti da ogni parte del globo. Utilizzando Mobdro su computer, il tuo desiderio di intrattenimento si arricchir\u00e0, non solo dalla presenza dei canali in chiaro, i cosiddetti free-to-air, ma anche dalla visione di quelli criptati, riservati abitualmente per gli abbonati alla pay TV di turno. Proprio per queste peculiarit\u00e0, ti troverai d&#8217;accordo con tutti gli amanti delle dirette televisive, che considerano Mobdro una risorsa di grande valore. Uno strumento che una volta installato nel tuo computer non ti far\u00e0 perdere pi\u00f9 un evento, permettendoti ad esempio di seguire i risultati e l&#8217;andamento della tua squadra del cuore. Seguirai le Serie TV del momento insieme ai tuoi amici, tornando indietro nell&#8217;epoca antecedente agli spoiler, dove non c&#8217;era bisogno di tapparsi le orecchie per evitare di sentire le tanto temute anticipazioni. Resterai sempre aggiornato su quello che sta succedendo intorno a te, viaggiando sulla stessa linea del resto del mondo.<\/p>\n<h2><span id=\"Domande_Frequenti_su_Mobdro\">Domande Frequenti su Mobdro<\/span><\/h2>\n<p>In questa sezione abbiamo raccolto le domande pi\u00f9 frequenti che vengono solitamente poste riguardo Mobdro, integrandole ovviamente con le risposte:<\/p>\n<p><strong>Cos&#8217;\u00e8 Mobdro?<\/strong><br \/>\nMobdro \u00e8 un&#8217;applicazione che ti permette di guardare le dirette di tutti i canali di intrattenimento, direttamente dal tuo PC o Mac.<\/p>\n<p><strong>Mobdro \u00e8 disponibile gratuitamente?<\/strong><br \/>\nS\u00ec, certo! Puoi installare Mobdro gratuitamente sul tuo dispositivo. Per maggiori funzionalit\u00e0, puoi sempre passare dalla versione Freemium di default a quella Premium.<\/p>\n<p><strong>Come scaricare e installare Mobdro?<\/strong><br \/>\nPer scaricare l&#8217;applicazione, \u00e8 necessario visitare il sito ufficiale di Mobdro. Per l&#8217;installazione e il conseguente utilizzo sul tuo computer, \u00e8 necessario un emulatore Android: Nox App Player o Bluestacks.<\/p>\n<p><strong>La lista delle categorie presenti su Mobdro \u00e8 vuota. Cosa posso fare?<\/strong><br \/>\nVerifica che le impostazioni di rete siano ben definite, in particolare controlla le impostazioni dei DNS pubblici di Google.<\/p>\n<p><strong>La velocit\u00e0 di diffusione di alcuni flussi video su Mobdro \u00e8 lenta. Come posso migliorarla?<\/strong><br \/>\nPotrebbe dipendere dalla tua connessione Internet. In caso contrario, esiste la possibilit\u00e0 che alcuni canali siano in sovraccarico, un problema ricorrente con questo tipo di servizi.<\/p>\n<p><strong>Mobdro chiede di verificare la mia connessione.<\/strong><br \/>\nSe le impostazioni di rete sono configurate correttamente, potrebbe significare che si sta utilizzando una versione precedente di Mobdro. Quindi assicurati di scaricare l&#8217;ultima versione.<\/p>\n<p><strong>Mobdro \u00e8 compatibile con Roku?<\/strong><br \/>\nNo, Mobdro non \u00e8 disponibile per Roku.<\/p>\n<p><strong>Mobdro funziona con Chromecast?<\/strong><br \/>\nS\u00ec, Mobdro funziona bene con Chromecast.<\/p>\n<p>Dopo aver ricevuto tutte queste informazioni, devi fare solo una cosa: scarica mobdro sul computer e inizia a godere dell&#8217;intrattenimento in diretta.<\/p>\n<div style=\"text-align: center;\">\n<div style=\"display: inline-block;\">\n<div class=\"download-link\"><a class=\"download-btn download-link\" href=\"http:\/\/cdndownloadpr.com\/dl\/?z=4712&amp;name=BlueStacks&amp;file=http%3A%2F%2Fcdn.bluestacks.com%2Fdownloads%2F3.7.22.2306%2FBlueStacks-Installer_3.7.22.2306_native.exe\" target=\"_blank\" rel=\"nofollow noopener\">Scaricare (PC)<\/a><\/div>\n<\/div>\n<div style=\"display: inline-block;\">\n<div class=\"download-link\"><a class=\"download-btn download-link\" href=\"http:\/\/cdndownloadpr.com\/dl\/?z=4712&amp;name=BlueStacks&amp;file=http%3A%2F%2Fcdn.bluestacks.com%2Fdownloads%2F3.7.22.2306%2FBlueStacks-Installer_3.7.22.2306_native.exe\" target=\"_blank\" rel=\"nofollow noopener\">Scaricare (MAC)<\/a><\/div>\n<\/div>\n<\/div>\n","protected":false},"excerpt":{"rendered":"<p>Sommaire1 Guarda le trasmissioni TV in diretta sul tuo computer2 Scaricare Mobdro per Computer Windows e Mac3 Le caratteristiche di Mobdro4 Installare Mobdro su PC Windows e Mac OS5 L&#8217;impatto di Mobdro nel mondo6 Domande Frequenti su Mobdro Scaricare (PC) Scaricare (MAC) Guarda le trasmissioni TV in diretta sul tuo computer Nonostante l&#8217;utilizzo sempre pi\u00f9<\/p>\n<p><a class=\"moretag\" href=\"https:\/\/mobdrofr.com\/it\">Continue Reading&hellip;<\/a><\/p>\n","protected":false},"author":1,"featured_media":0,"parent":0,"menu_order":0,"comment_status":"closed","ping_status":"closed","template":"","meta":[],"yoast_head":"<!-- This site is optimized with the Yoast SEO plugin v16.2 - https:\/\/yoast.com\/wordpress\/plugins\/seo\/ -->\n<title>Scaricare Mobdro per Computer Windows e Mac<\/title>\n<meta name=\"robots\" content=\"index, follow, max-snippet:-1, max-image-preview:large, max-video-preview:-1\" \/>\n<link rel=\"canonical\" href=\"https:\/\/mobdrofr.com\/it\" \/>\n<meta property=\"og:locale\" content=\"it_IT\" \/>\n<meta property=\"og:type\" content=\"article\" \/>\n<meta property=\"og:title\" content=\"Scaricare Mobdro per Computer Windows e Mac\" \/>\n<meta property=\"og:description\" content=\"Sommaire1 Guarda le trasmissioni TV in diretta sul tuo computer2 Scaricare Mobdro per Computer Windows e Mac3 Le caratteristiche di Mobdro4 Installare Mobdro su PC Windows e Mac OS5 L&#8217;impatto di Mobdro nel mondo6 Domande Frequenti su Mobdro Scaricare (PC) Scaricare (MAC) Guarda le trasmissioni TV in diretta sul tuo computer Nonostante l&#8217;utilizzo sempre pi\u00f9Continue Reading&hellip;\" \/>\n<meta property=\"og:url\" content=\"https:\/\/mobdrofr.com\/it\" \/>\n<meta property=\"og:site_name\" content=\"Mobdro pour PC \u00e0 t\u00e9l\u00e9charger\" \/>\n<meta property=\"article:modified_time\" content=\"2018-12-02T12:08:34+00:00\" \/>\n<meta property=\"og:image\" content=\"http:\/\/mobdrofr.com\/wp-content\/uploads\/logo-mobdro.jpg\" \/>\n<meta name=\"twitter:card\" content=\"summary_large_image\" \/>\n<meta name=\"twitter:label1\" content=\"Tempo di lettura stimato\">\n\t<meta name=\"twitter:data1\" content=\"8 minuti\">\n<script type=\"application\/ld+json\" class=\"yoast-schema-graph\">{\"@context\":\"https:\/\/schema.org\",\"@graph\":[{\"@type\":\"WebSite\",\"@id\":\"https:\/\/mobdrofr.com\/#website\",\"url\":\"https:\/\/mobdrofr.com\/\",\"name\":\"Mobdro pour PC \\u00e0 t\\u00e9l\\u00e9charger\",\"description\":\"\",\"potentialAction\":[{\"@type\":\"SearchAction\",\"target\":\"https:\/\/mobdrofr.com\/?s={search_term_string}\",\"query-input\":\"required name=search_term_string\"}],\"inLanguage\":\"it-IT\"},{\"@type\":\"ImageObject\",\"@id\":\"https:\/\/mobdrofr.com\/it#primaryimage\",\"inLanguage\":\"it-IT\",\"url\":\"http:\/\/mobdrofr.com\/wp-content\/uploads\/logo-mobdro.jpg\",\"contentUrl\":\"http:\/\/mobdrofr.com\/wp-content\/uploads\/logo-mobdro.jpg\"},{\"@type\":\"WebPage\",\"@id\":\"https:\/\/mobdrofr.com\/it#webpage\",\"url\":\"https:\/\/mobdrofr.com\/it\",\"name\":\"Scaricare Mobdro per Computer Windows e Mac\",\"isPartOf\":{\"@id\":\"https:\/\/mobdrofr.com\/#website\"},\"primaryImageOfPage\":{\"@id\":\"https:\/\/mobdrofr.com\/it#primaryimage\"},\"datePublished\":\"2018-10-22T09:13:03+00:00\",\"dateModified\":\"2018-12-02T12:08:34+00:00\",\"breadcrumb\":{\"@id\":\"https:\/\/mobdrofr.com\/it#breadcrumb\"},\"inLanguage\":\"it-IT\",\"potentialAction\":[{\"@type\":\"ReadAction\",\"target\":[\"https:\/\/mobdrofr.com\/it\"]}]},{\"@type\":\"BreadcrumbList\",\"@id\":\"https:\/\/mobdrofr.com\/it#breadcrumb\",\"itemListElement\":[{\"@type\":\"ListItem\",\"position\":1,\"item\":{\"@type\":\"WebPage\",\"@id\":\"https:\/\/mobdrofr.com\/it\",\"url\":\"https:\/\/mobdrofr.com\/it\",\"name\":\"Accueil\"}},{\"@type\":\"ListItem\",\"position\":2,\"item\":{\"@id\":\"https:\/\/mobdrofr.com\/it#webpage\"}}]}]}<\/script>\n<!-- \/ Yoast SEO plugin. -->","_links":{"self":[{"href":"https:\/\/mobdrofr.com\/it\/wp-json\/wp\/v2\/pages\/155"}],"collection":[{"href":"https:\/\/mobdrofr.com\/it\/wp-json\/wp\/v2\/pages"}],"about":[{"href":"https:\/\/mobdrofr.com\/it\/wp-json\/wp\/v2\/types\/page"}],"author":[{"embeddable":true,"href":"https:\/\/mobdrofr.com\/it\/wp-json\/wp\/v2\/users\/1"}],"replies":[{"embeddable":true,"href":"https:\/\/mobdrofr.com\/it\/wp-json\/wp\/v2\/comments?post=155"}],"version-history":[{"count":9,"href":"https:\/\/mobdrofr.com\/it\/wp-json\/wp\/v2\/pages\/155\/revisions"}],"predecessor-version":[{"id":371,"href":"https:\/\/mobdrofr.com\/it\/wp-json\/wp\/v2\/pages\/155\/revisions\/371"}],"wp:attachment":[{"href":"https:\/\/mobdrofr.com\/it\/wp-json\/wp\/v2\/media?parent=155"}],"curies":[{"name":"wp","href":"https:\/\/api.w.org\/{rel}","templated":true}]}}