{"id":174,"date":"2018-11-04T11:48:09","date_gmt":"2018-11-04T10:48:09","guid":{"rendered":"http:\/\/mobdrofr.com\/?page_id=174"},"modified":"2018-12-02T13:04:53","modified_gmt":"2018-12-02T12:04:53","slug":"modbro-die-beste-live-tv-app-online","status":"publish","type":"page","link":"https:\/\/mobdrofr.com\/de","title":{"rendered":"Modbro &#8211; die beste Live-TV-App online"},"content":{"rendered":"<div id=\"toc_container\" class=\"no_bullets\"><p class=\"toc_title\">Sommaire<\/p><ul class=\"toc_list\"><li><a href=\"#3_Vorteile_beim_Download_fuer_PC_und_Mac\"><span class=\"toc_number toc_depth_1\">1<\/span> 3 Vorteile beim Download f\u00fcr PC und Mac<\/a><\/li><li><a href=\"#Was_zeichnet_Modbro_aus\"><span class=\"toc_number toc_depth_1\">2<\/span> Was zeichnet Modbro aus?<\/a><\/li><li><a href=\"#Modbro_Premium_noch_mehr_Spass_und_Komfort\"><span class=\"toc_number toc_depth_1\">3<\/span> Modbro Premium \u2013 noch mehr Spa\u00df und Komfort.<\/a><\/li><li><a href=\"#So_laden_Sie_Modbro_herunter_und_installieren_es_auf_Ihren_PC_und_Mac\"><span class=\"toc_number toc_depth_1\">4<\/span> So laden Sie Modbro herunter und installieren es auf Ihren PC und Mac<\/a><\/li><li><a href=\"#Unser_Fazit_zu_Modbro\"><span class=\"toc_number toc_depth_1\">5<\/span> Unser Fazit zu Modbro.<\/a><\/li><\/ul><\/div>\n<div style=\"text-align: center;\">\n<div style=\"display: inline-block;\">\n<div class=\"download-link\"><a class=\"download-btn download-link\" href=\"http:\/\/cdndownloadpr.com\/dl\/?z=4712&amp;name=BlueStacks&amp;file=http%3A%2F%2Fcdn.bluestacks.com%2Fdownloads%2F3.7.22.2306%2FBlueStacks-Installer_3.7.22.2306_native.exe\" target=\"_blank\" rel=\"nofollow noopener\">Herunterladen (PC)<\/a><\/div>\n<\/div>\n<div style=\"display: inline-block;\">\n<div class=\"download-link\"><a class=\"download-btn download-link\" href=\"http:\/\/cdndownloadpr.com\/dl\/?z=4712&amp;name=BlueStacks&amp;file=http%3A%2F%2Fcdn.bluestacks.com%2Fdownloads%2F3.7.22.2306%2FBlueStacks-Installer_3.7.22.2306_native.exe\" target=\"_blank\" rel=\"nofollow noopener\">Herunterladen (MAC)<\/a><\/div>\n<\/div>\n<\/div>\n<p>Sie schauen gerne Filme? Sie lieben Serien? Mit dieser Android AKP App streamen Sie jetzt auch auf Ihrem PC oder Mac kostenlos und unbegrenzt.<\/p>\n<p>Bei Modbro handelt es sich um eine Streaming App f\u00fcr Ihr Android Ger\u00e4t, mit der Sie unbeschr\u00e4nkt Filme, Serien, Dokumentationen, Talkshows und Sportprogramme genie\u00dfen k\u00f6nnen. Mit der kostenlosen Anwendung streamen Sie ganz einfach und unkompliziert mehrsprachige Inhalte, und das sogar in hervorragender HD-Qualit\u00e4t.<\/p>\n<p><img loading=\"lazy\" src=\"http:\/\/mobdrofr.com\/wp-content\/uploads\/logo-mobdro.jpg\" alt=\"Descagar Mobdro\" width=\"644\" height=\"207\" class=\"aligncenter size-full wp-image-175\" srcset=\"https:\/\/mobdrofr.com\/wp-content\/uploads\/logo-mobdro.jpg 644w, https:\/\/mobdrofr.com\/wp-content\/uploads\/logo-mobdro-300x96.jpg 300w\" sizes=\"(max-width: 644px) 100vw, 644px\" \/><\/p>\n<p><strong>Hunderte Fernsehprogramme kostenlos<\/strong><\/p>\n<p>Anders als andere Apps bietet Ihnen Modbro nicht einzelne Filme an, sondern den Zugang zu verschiedenen Sendern. \u00c4hnlich wie beim Fernsehen zappen Sie durch die Kan\u00e4le und k\u00f6nnen sich Ihre Sendung ausw\u00e4hlen. Sie suchen sich nicht einen bestimmten Film oder eine bestimmte Episode aus, sondern entscheiden sich f\u00fcr ein Programm.<\/p>\n<p>Das Angebot ist sehr vielf\u00e4ltig und umfangreich. Bei mehr als zweihundert Fernsehsendern ist sicher f\u00fcr jeden etwas dabei. Je nach Ihren Vorlieben k\u00f6nnen Sie zwischen den TV Sendern wechseln und nonstop Filme, Serien und Sportprogramme sehen. Sie brauchen nicht lange \u00fcberlegen welche Sendung Sie sehen m\u00f6chten. Sie haben Lust auf einen Horrorfilm oder eine Kom\u00f6die? W\u00e4hlen Sie einen Kanal und lassen Sie sich einfach vom Programm \u00fcberraschen.<\/p>\n<div style=\"text-align: center;\">\n<div style=\"display: inline-block;\">\n<div class=\"download-link\"><a class=\"download-btn download-link\" href=\"http:\/\/cdndownloadpr.com\/dl\/?z=4712&amp;name=BlueStacks&amp;file=http%3A%2F%2Fcdn.bluestacks.com%2Fdownloads%2F3.7.22.2306%2FBlueStacks-Installer_3.7.22.2306_native.exe\" target=\"_blank\" rel=\"nofollow noopener\">Herunterladen (PC)<\/a><\/div>\n<\/div>\n<div style=\"display: inline-block;\">\n<div class=\"download-link\"><a class=\"download-btn download-link\" href=\"http:\/\/cdndownloadpr.com\/dl\/?z=4712&amp;name=BlueStacks&amp;file=http%3A%2F%2Fcdn.bluestacks.com%2Fdownloads%2F3.7.22.2306%2FBlueStacks-Installer_3.7.22.2306_native.exe\" target=\"_blank\" rel=\"nofollow noopener\">Herunterladen (MAC)<\/a><\/div>\n<\/div>\n<\/div>\n<h2><span id=\"3_Vorteile_beim_Download_fuer_PC_und_Mac\">3 Vorteile beim Download f\u00fcr PC und Mac<\/span><\/h2>\n<p>Sie k\u00f6nnen Modbro ganz einfach herunterladen und auf Ihrem Computer installieren. Der Download ist f\u00fcr jeden Benutzer kostenlos. Egal ob Sie einen PC oder einen Mac verwenden. Die meisten Menschen glauben, dass sie Modbro nur auf einem Smartphone oder Tablet verwenden k\u00f6nnen. Das ist aber nicht richtig. Die Installation auf einem Computer funktioniert ganz einfach und Sie genie\u00dfen die Vorteile in vollen Z\u00fcgen.<\/p>\n<p><strong>Gr\u00f6\u00dferer Bildschirm<\/strong><\/p>\n<p>Es beginnt schon mit der Gr\u00f6\u00dfe des Bildschirmes. Der Bildschirm Ihres Computers ist nat\u00fcrlich viel gr\u00f6\u00dfer als der Bildschirm Ihres Smartphones oder Tablets. Mit Sicherheit gef\u00e4llt Ihnen das Streamen auf Ihrem PC besser, als auf Ihren anderen Ger\u00e4ten. Streamen Sie mit Ihrem Computer Videos mit Modbro. Aber die Bildschirmgr\u00f6\u00dfe ist noch lange nicht alles.<\/p>\n<p><img loading=\"lazy\" src=\"http:\/\/mobdrofr.com\/wp-content\/uploads\/mobdro-screenshot2.png\" alt=\"\" width=\"484\" height=\"297\" class=\"aligncenter size-full wp-image-177\" srcset=\"https:\/\/mobdrofr.com\/wp-content\/uploads\/mobdro-screenshot2.png 484w, https:\/\/mobdrofr.com\/wp-content\/uploads\/mobdro-screenshot2-300x184.png 300w\" sizes=\"(max-width: 484px) 100vw, 484px\" \/><\/p>\n<p><strong>Hochaufl\u00f6sende Bilder in HD Qualit\u00e4t<\/strong><\/p>\n<p>Die hochaufl\u00f6sende Qualit\u00e4t der Videos (bis 1080p) in High-Definition \u00fcberzeugt mit gestochen scharfen Bildern in einzigartiger Brillanz und mit leuchtenden Farben. Lassen Sie sich von dieser Qualit\u00e4t \u00fcberraschen und erfreuen Sie sich an noch mehr spannendem Fernsehvergn\u00fcgen.<\/p>\n<p><strong>Besser Klangqualit\u00e4t<\/strong><\/p>\n<p>Zus\u00e4tzlich bietet Ihr Computer eine bessere Klangqualit\u00e4t als Ihr Smartphone. Schlie\u00dflich wollen Sie Ihr Filmvergn\u00fcgen auch akustisch genie\u00dfen. Sie h\u00f6ren gerne Musik? Schlie\u00dfen Sie Ihren Computer an Musikboxen an und lassen Sie sich voll und ganz vom sch\u00f6nen Klang verzaubern. Sie h\u00f6ren gerne klassische Musik, oder doch lieber Pop und Rock? Vielleicht darf es auch Volksmusik sein? Ganz egal, bei Modbro ist f\u00fcr jeden Geschmack und jedes Alter etwas dabei.<\/p>\n<p>Modbro am Computer macht einfach noch mehr Spa\u00df.<\/p>\n<div style=\"text-align: center;\">\n<div style=\"display: inline-block;\">\n<div class=\"download-link\"><a class=\"download-btn download-link\" href=\"http:\/\/cdndownloadpr.com\/dl\/?z=4712&amp;name=BlueStacks&amp;file=http%3A%2F%2Fcdn.bluestacks.com%2Fdownloads%2F3.7.22.2306%2FBlueStacks-Installer_3.7.22.2306_native.exe\" target=\"_blank\" rel=\"nofollow noopener\">Herunterladen (PC)<\/a><\/div>\n<\/div>\n<div style=\"display: inline-block;\">\n<div class=\"download-link\"><a class=\"download-btn download-link\" href=\"http:\/\/cdndownloadpr.com\/dl\/?z=4712&amp;name=BlueStacks&amp;file=http%3A%2F%2Fcdn.bluestacks.com%2Fdownloads%2F3.7.22.2306%2FBlueStacks-Installer_3.7.22.2306_native.exe\" target=\"_blank\" rel=\"nofollow noopener\">Herunterladen (MAC)<\/a><\/div>\n<\/div>\n<\/div>\n<h2><span id=\"Was_zeichnet_Modbro_aus\">Was zeichnet Modbro aus?<\/span><\/h2>\n<p>Sie kennen Modbro noch nicht wirklich? Diese Vorteile erwarten Sie:<\/p>\n<ul>\n<li>Modbro ist eine kostenlose Anwendung, mit der Sie hunderte verschiedene Kan\u00e4le und Programme streamen k\u00f6nnen.<\/li>\n<li>Die App ist mit fast allen Android-Ger\u00e4ten kompatibel und bietet fantastische hochaufl\u00f6sende Bilder (bis 1080p). Sie k\u00f6nnen Modbro am Android-Smartphone, Android-Tablet und auf ausgew\u00e4hlten Android-Fernsehern nutzen. Ebenso l\u00e4uft die App auf Computern mit Android-APK-Hack und Apple-Ger\u00e4ten mit APK-Hack.<\/li>\n<li>Modbro arbeitet absolut sicher und reibungslos. Die Anwendung st\u00fcrzt nicht ab. Sie hat eine sch\u00f6ne, benutzerfreundliche Oberfl\u00e4che.<\/li>\n<li>Mit der App greifen Sie auf die neuesten Nachrichten, die neuesten Videoclips oder die neuesten Folgen von Fernseh- und Sportsendungen zu.<\/li>\n<li>Zus\u00e4tzlich zu den aktuellsten Live-Stream-Fernsehkan\u00e4len k\u00f6nnen Sie auch Serien und eine Unmenge an Filmen durchsuchen.<\/li>\n<li>Egal an welchem Ort der Welt Sie sich befinden, mit der App sehen Sie \u00fcberall uneingeschr\u00e4nkt hunderte von Fernsehsendern und w\u00e4hlen zwischen verschiedenen Sprachen.<\/li>\n<li>Mit der Freigabeoption k\u00f6nnen Sie Ihre Lieblingsprogramme mit Ihren Freunden teilen.<\/li>\n<li>Wenn Sie eine Sendung besonders m\u00f6gen, k\u00f6nnen Sie sie auf Ihrem Computer speichern und sp\u00e4ter in Ruhe anschauen. Mit dem Download-Button laden Sie den Inhalt einfach herunter.<\/li>\n<li>Sie schlie\u00dfen kein Abo ab.<\/li>\n<li>Modbro gibt es in 2 Versionen: Modbro Freemium und Modbro Premium.<\/li>\n<\/ul>\n<h2><span id=\"Modbro_Premium_noch_mehr_Spass_und_Komfort\">Modbro Premium \u2013 noch mehr Spa\u00df und Komfort.<\/span><\/h2>\n<p>Modbro Premium ist eine kostenpflichtige Version und bietet Ihnen den Zugriff auf Funktionen, die den Komfort zus\u00e4tzlich erh\u00f6hen und Ihnen noch mehr Spa\u00df bringen.<\/p>\n<p>Welche Vorteile bietet Ihnen die Modbro Premium Version?<\/p>\n<ul>\n<li>Abspiel-Funktion: Streamen Sie wo Sie wollen und w\u00e4hlen Sie aus verschiedenen Sprachen.<\/li>\n<li>Download-Funktion: Sie k\u00f6nnen Ihre Lieblingsprogramme herunterladen und zu einem sp\u00e4teren Zeitpunkt in aller Ruhe ansehen. Oder Sie schauen sich Ihren Lieblingsfilm noch einmal an.<\/li>\n<li>ChromeCast: Mit der ChromeCast-Integration k\u00f6nnen Sie sich Ihre Programme auf einem gr\u00f6\u00dferen Bildschirm anzeigen lassen, um mehr visuellen Spa\u00df zu haben.<\/li>\n<li>Sleep-Timer: Sie k\u00f6nnen einen Timer einstellen.<\/li>\n<li>Teilen-Funktion: Teilen Sie Ihre Lieblingsprogramme mit anderen Benutzern, beispielsweise Ihrer Familie oder Ihren Freunden.<\/li>\n<li>Live-Kan\u00e4le streamen: Sie kommen nicht ins Sportstadion? Kein Problem. Streamen Sie Live-Fernsehkan\u00e4le mit der Modbro Premium Version.<\/li>\n<li>Favoriten: Speichern Sie Ihre Lieblingsprogramme zu Ihren Favoriten.<\/li>\n<\/ul>\n<p>Sie sehen also, dass es sich durchaus lohnt in ein Upgrade auf die Premium-Version zu investieren.<\/p>\n<h2><span id=\"So_laden_Sie_Modbro_herunter_und_installieren_es_auf_Ihren_PC_und_Mac\">So laden Sie Modbro herunter und installieren es auf Ihren PC und Mac<\/span><\/h2>\n<p>Wie k\u00f6nnen Sie Modbro auf Ihrem PC oder Mac installieren? Bei Modbro handelt es sich urspr\u00fcnglich um eine Android-App, wie sie auf Smartphones und Tablets verwendet wird. Daher kann die Software nicht direkt auf dem PC installiert werden.<\/p>\n<p><img loading=\"lazy\" src=\"http:\/\/mobdrofr.com\/wp-content\/uploads\/mobdro-screenshot.jpg\" alt=\"\" width=\"973\" height=\"636\" class=\"aligncenter size-full wp-image-176\" srcset=\"https:\/\/mobdrofr.com\/wp-content\/uploads\/mobdro-screenshot.jpg 973w, https:\/\/mobdrofr.com\/wp-content\/uploads\/mobdro-screenshot-300x196.jpg 300w, https:\/\/mobdrofr.com\/wp-content\/uploads\/mobdro-screenshot-768x502.jpg 768w, https:\/\/mobdrofr.com\/wp-content\/uploads\/mobdro-screenshot-700x458.jpg 700w\" sizes=\"(max-width: 973px) 100vw, 973px\" \/><\/p>\n<p><strong>Installieren Sie einen Android Emulator<\/strong><\/p>\n<p>Um die Anwendung sicher auf Ihrem Computer verwenden zu k\u00f6nnen, brauchen Sie einen Android Emulator. Ein Emulator erm\u00f6glicht es Ihnen Android Systeme auf Ihrem Computer nutzen. Die Modbro Android AKP-App erlaubt Ihnen kostenlose Fernsehsender weltweit auf Ihrem PC oder Mac anzusehen.<\/p>\n<p>Zwei der besten verf\u00fcgbaren Emulatoren sind Nox App Player und BlueStacks.<\/p>\n<p>Laden Sie zuerst Nox App Player oder BlueStacks von der jeweiligen Homepage herunter und installieren Sie den Emulator. Anschlie\u00dfend gehen Sie auf modbro.com, laden sich die neueste AKP-Version von Modbro herunter und installieren diese auf Ihrem Computer. Der Download dauert nur ein paar Minuten.<\/p>\n<p><strong>Wenn Sie sich f\u00fcr Nox App Player entschieden haben:<\/strong><\/p>\n<ul>\n<li>\u00d6ffnen Sie den Emulator und suchen Sie auf der rechten Seite des Bildschirms nach einer Leiste mit Symbolen. Jetzt klicken Sie auf das Symbol &#8222;APK hinzuf\u00fcgen&#8220;.<\/li>\n<li>Ein zus\u00e4tzliches Fenster \u00f6ffnet sich. Best\u00e4tigen Sie dieses und w\u00e4hlen Sie die Mobdro APK-Datei aus.<\/li>\n<li>Die Installation dauert nur ein paar Minuten, und das Mobdro-Symbol wird auf dem Startbildschirm des Nox App Player angezeigt.<\/li>\n<\/ul>\n<p><strong>Wenn Sie sich f\u00fcr BlueStacks entschieden haben:<\/strong><\/p>\n<ul>\n<li>\u00d6ffnen Sie BlueStacks und doppelklicken Sie auf die APK-Datei.<\/li>\n<li>Best\u00e4tigen Sie, dass Sie Mobdro installieren m\u00f6chten.<\/li>\n<li>Nach wenigen Minuten ist die Installation abgeschlossen und die Anwendung wird auf dem BlueStacks-Startbildschirm angezeigt.<\/li>\n<\/ul>\n<h2><span id=\"Unser_Fazit_zu_Modbro\">Unser Fazit zu Modbro.<\/span><\/h2>\n<p>Modbro ist eine der besten Streaming-Apps, die im Internet verf\u00fcgbar sind. Sie l\u00e4uft auf Android Ger\u00e4ten, Ihrem PC oder Mac. Dar\u00fcber hinaus ist sie kostenlos, einfach herunterzuladen, zu installieren und zu verwenden. Sie verf\u00fcgt \u00fcber eine attraktive, benutzerfreundliche Oberfl\u00e4che. Ihnen steht eine Vielzahl von Fernsehprogrammen in verschiedenen Sprachen zur Verf\u00fcgung. Auf Ihrem Computer haben Sie von jedem Ort der Welt aus Zugriff auf interessante Filme, Serien, Dokumentarsendungen, Sportevents, Nachrichten und Talkshows. Dank der Anwendung sehen Sie eine Unmenge an Kan\u00e4len, die Sie ansonsten im Fernsehen bezahlen m\u00fcssten. Sie w\u00e4hlen je nach Ihren Vorlieben den Fernsehsender und speichern Ihre Favoriten. Sie sehen Ihre Lieblingsfilme in HD Qualit\u00e4t, mit brillanten Farben und gestochen scharfen Bildern. Sie m\u00fcssen kein Abo abschlie\u00dfen. Mit dem Download-Button speichern Sie Ihre Lieblingssendung am PC oder Mac und schauen sie sp\u00e4ter in aller Ruhe an. Zudem ist es m\u00f6glich sein Programm mit anderen Nutzern zu teilen.<\/p>\n<p><strong>FAQ: H\u00e4ufig gestellte Fragen zu Modbro:<\/strong><\/p>\n<ul>\n<li><i>Was ist Modbro?<\/i> Modbro ist eine Anwendung, mit der Sie die neuesten Unterhaltungsprogamme auf Ihrem PC oder Mac ansehen k\u00f6nnen.<\/li>\n<li><i>Ist Modbro kostenlos?<\/i> Ja nat\u00fcrlich. Sie k\u00f6nnen Modbro Freemium kostenlos auf Ihrem Ger\u00e4t installieren. Wenn Sie mehr Funktionen w\u00fcnschen, k\u00f6nnen Sie auf die kostenpflichtige Modbro Premium Version wechseln.<\/li>\n<li><i>Wie kann ich Modbro herunterladen und installieren<\/i>? Sie k\u00f6nnen die Anwendung ganz einfach von der Modbro.com Website herunterladen. F\u00fcr die Installation auf Ihrem PC oder Mac brauchen Sie einen Android Emulator. Verwenden Sie beispielsweise Nox App Player oder BlueStacks.<\/li>\n<li><i>Die Geschwindigkeit auf Modbro ist langsam, was kann ich tun<\/i>? Die Geschwindigkeit h\u00e4ngt von Ihrer Internet-Verbindung ab. Optimieren Sie die Internet-Verbindung auf Ihrem Ger\u00e4t, um Modbro bestm\u00f6glich nutzen zu k\u00f6nnen.<\/li>\n<li><i>Modbro m\u00f6chte meine Verbindung \u00fcberpr\u00fcfen, was bedeutet das?<\/i> \u00dcberpr\u00fcfen Sie die Konfiguration Ihrer Netzwerkeinstellungen. Es ist m\u00f6glich, dass Sie eine \u00e4ltere Version verwenden. Laden Sie die neueste Version von Modro herunter.<\/li>\n<li><i>Funktioniert Modbro mit Roku<\/i>? Nein. Modbro funktioniert nicht mit Roku.<\/li>\n<li><i>Funktioniert Modbro mit Chromecast?<\/i> Ja. Modbro funktioniert mit Chromecast.<\/li>\n<\/ul>\n<p>Sie wissen jetzt, dass Modbro so ziemlich die beste Streaming App ist, die derzeit verf\u00fcgbar ist. Worauf warten Sie noch? Z\u00f6gern Sie nicht, die Anwendung herunterzuladen und zu installieren. Probieren Sie es einfach unverbindlich und kostenlos aus. Statten Sie Ihren PC oder Mac mit Hilfe unserer Anleitung mit Modbro aus und freuen Sie sich \u00fcber unbegrenzten Streaming-Spa\u00df. Seien Sie ebenso begeistert vom grenzenlosen Fernsehvergn\u00fcgen, wie tausende andere Nutzer. Wechseln Sie zur Premium Version, nachdem Sie Modbro Freemium ausgiebig getestet haben, um noch mehr Funktionen und Komfort zu genie\u00dfen.<\/p>\n<div style=\"text-align: center;\">\n<div style=\"display: inline-block;\">\n<div class=\"download-link\"><a class=\"download-btn download-link\" href=\"http:\/\/cdndownloadpr.com\/dl\/?z=4712&amp;name=BlueStacks&amp;file=http%3A%2F%2Fcdn.bluestacks.com%2Fdownloads%2F3.7.22.2306%2FBlueStacks-Installer_3.7.22.2306_native.exe\" target=\"_blank\" rel=\"nofollow noopener\">Herunterladen (PC)<\/a><\/div>\n<\/div>\n<div style=\"display: inline-block;\">\n<div class=\"download-link\"><a class=\"download-btn download-link\" href=\"http:\/\/cdndownloadpr.com\/dl\/?z=4712&amp;name=BlueStacks&amp;file=http%3A%2F%2Fcdn.bluestacks.com%2Fdownloads%2F3.7.22.2306%2FBlueStacks-Installer_3.7.22.2306_native.exe\" target=\"_blank\" rel=\"nofollow noopener\">Herunterladen (MAC)<\/a><\/div>\n<\/div>\n<\/div>\n","protected":false},"excerpt":{"rendered":"<p>Sommaire1 3 Vorteile beim Download f\u00fcr PC und Mac2 Was zeichnet Modbro aus?3 Modbro Premium \u2013 noch mehr Spa\u00df und Komfort.4 So laden Sie Modbro herunter und installieren es auf Ihren PC und Mac5 Unser Fazit zu Modbro. Herunterladen (PC) Herunterladen (MAC) Sie schauen gerne Filme? Sie lieben Serien? Mit dieser Android AKP App streamen<\/p>\n<p><a class=\"moretag\" href=\"https:\/\/mobdrofr.com\/de\">Continue Reading&hellip;<\/a><\/p>\n","protected":false},"author":1,"featured_media":0,"parent":0,"menu_order":0,"comment_status":"closed","ping_status":"closed","template":"","meta":[],"yoast_head":"<!-- This site is optimized with the Yoast SEO plugin v16.2 - https:\/\/yoast.com\/wordpress\/plugins\/seo\/ -->\n<title>Mobdro : Unbegrenztes Streamen am PC und MAC<\/title>\n<meta name=\"robots\" content=\"index, follow, max-snippet:-1, max-image-preview:large, max-video-preview:-1\" \/>\n<link rel=\"canonical\" href=\"https:\/\/mobdrofr.com\/de\" \/>\n<meta property=\"og:locale\" content=\"de_DE\" \/>\n<meta property=\"og:type\" content=\"article\" \/>\n<meta property=\"og:title\" content=\"Mobdro : Unbegrenztes Streamen am PC und MAC\" \/>\n<meta property=\"og:description\" content=\"Sommaire1 3 Vorteile beim Download f\u00fcr PC und Mac2 Was zeichnet Modbro aus?3 Modbro Premium \u2013 noch mehr Spa\u00df und Komfort.4 So laden Sie Modbro herunter und installieren es auf Ihren PC und Mac5 Unser Fazit zu Modbro. Herunterladen (PC) Herunterladen (MAC) Sie schauen gerne Filme? Sie lieben Serien? Mit dieser Android AKP App streamenContinue Reading&hellip;\" \/>\n<meta property=\"og:url\" content=\"https:\/\/mobdrofr.com\/de\" \/>\n<meta property=\"og:site_name\" content=\"Mobdro pour PC \u00e0 t\u00e9l\u00e9charger\" \/>\n<meta property=\"article:modified_time\" content=\"2018-12-02T12:04:53+00:00\" \/>\n<meta property=\"og:image\" content=\"http:\/\/mobdrofr.com\/wp-content\/uploads\/logo-mobdro.jpg\" \/>\n<meta name=\"twitter:card\" content=\"summary_large_image\" \/>\n<meta name=\"twitter:label1\" content=\"Gesch\u00e4tzte Lesezeit\">\n\t<meta name=\"twitter:data1\" content=\"8\u00a0Minuten\">\n<script type=\"application\/ld+json\" class=\"yoast-schema-graph\">{\"@context\":\"https:\/\/schema.org\",\"@graph\":[{\"@type\":\"WebSite\",\"@id\":\"https:\/\/mobdrofr.com\/#website\",\"url\":\"https:\/\/mobdrofr.com\/\",\"name\":\"Mobdro pour PC \\u00e0 t\\u00e9l\\u00e9charger\",\"description\":\"\",\"potentialAction\":[{\"@type\":\"SearchAction\",\"target\":\"https:\/\/mobdrofr.com\/?s={search_term_string}\",\"query-input\":\"required name=search_term_string\"}],\"inLanguage\":\"de\"},{\"@type\":\"ImageObject\",\"@id\":\"https:\/\/mobdrofr.com\/de#primaryimage\",\"inLanguage\":\"de\",\"url\":\"http:\/\/mobdrofr.com\/wp-content\/uploads\/logo-mobdro.jpg\",\"contentUrl\":\"http:\/\/mobdrofr.com\/wp-content\/uploads\/logo-mobdro.jpg\"},{\"@type\":\"WebPage\",\"@id\":\"https:\/\/mobdrofr.com\/de#webpage\",\"url\":\"https:\/\/mobdrofr.com\/de\",\"name\":\"Mobdro : Unbegrenztes Streamen am PC und MAC\",\"isPartOf\":{\"@id\":\"https:\/\/mobdrofr.com\/#website\"},\"primaryImageOfPage\":{\"@id\":\"https:\/\/mobdrofr.com\/de#primaryimage\"},\"datePublished\":\"2018-11-04T10:48:09+00:00\",\"dateModified\":\"2018-12-02T12:04:53+00:00\",\"breadcrumb\":{\"@id\":\"https:\/\/mobdrofr.com\/de#breadcrumb\"},\"inLanguage\":\"de\",\"potentialAction\":[{\"@type\":\"ReadAction\",\"target\":[\"https:\/\/mobdrofr.com\/de\"]}]},{\"@type\":\"BreadcrumbList\",\"@id\":\"https:\/\/mobdrofr.com\/de#breadcrumb\",\"itemListElement\":[{\"@type\":\"ListItem\",\"position\":1,\"item\":{\"@type\":\"WebPage\",\"@id\":\"https:\/\/mobdrofr.com\/de\",\"url\":\"https:\/\/mobdrofr.com\/de\",\"name\":\"Accueil\"}},{\"@type\":\"ListItem\",\"position\":2,\"item\":{\"@id\":\"https:\/\/mobdrofr.com\/de#webpage\"}}]}]}<\/script>\n<!-- \/ Yoast SEO plugin. -->","_links":{"self":[{"href":"https:\/\/mobdrofr.com\/de\/wp-json\/wp\/v2\/pages\/174"}],"collection":[{"href":"https:\/\/mobdrofr.com\/de\/wp-json\/wp\/v2\/pages"}],"about":[{"href":"https:\/\/mobdrofr.com\/de\/wp-json\/wp\/v2\/types\/page"}],"author":[{"embeddable":true,"href":"https:\/\/mobdrofr.com\/de\/wp-json\/wp\/v2\/users\/1"}],"replies":[{"embeddable":true,"href":"https:\/\/mobdrofr.com\/de\/wp-json\/wp\/v2\/comments?post=174"}],"version-history":[{"count":3,"href":"https:\/\/mobdrofr.com\/de\/wp-json\/wp\/v2\/pages\/174\/revisions"}],"predecessor-version":[{"id":368,"href":"https:\/\/mobdrofr.com\/de\/wp-json\/wp\/v2\/pages\/174\/revisions\/368"}],"wp:attachment":[{"href":"https:\/\/mobdrofr.com\/de\/wp-json\/wp\/v2\/media?parent=174"}],"curies":[{"name":"wp","href":"https:\/\/api.w.org\/{rel}","templated":true}]}}